{"id":11,"date":"2024-08-19T16:10:15","date_gmt":"2024-08-19T16:10:15","guid":{"rendered":"https:\/\/pesquisa.loungebrahma.com.br\/?page_id=11"},"modified":"2024-09-23T15:57:08","modified_gmt":"2024-09-23T15:57:08","slug":"pesquisa-de-satisfacao","status":"publish","type":"page","link":"https:\/\/pesquisa.loungebrahma.com.br\/","title":{"rendered":"Pesquisa de Satisfa\u00e7\u00e3o"},"content":{"rendered":"\t\t<div data-elementor-type=\"wp-page\" data-elementor-id=\"11\" class=\"elementor elementor-11\">\n\t\t\t\t\t\t<section class=\"elementor-section elementor-top-section elementor-element elementor-element-bda1940 elementor-section-boxed elementor-section-height-default elementor-section-height-default\" data-id=\"bda1940\" data-element_type=\"section\" data-settings=\"{&quot;background_background&quot;:&quot;classic&quot;}\">\n\t\t\t\t\t\t<div class=\"elementor-container elementor-column-gap-default\">\n\t\t\t\t\t<div class=\"elementor-column elementor-col-100 elementor-top-column elementor-element elementor-element-0c2dadf\" data-id=\"0c2dadf\" data-element_type=\"column\">\n\t\t\t<div class=\"elementor-widget-wrap elementor-element-populated\">\n\t\t\t\t\t\t<div class=\"elementor-element elementor-element-feadb30 elementor-widget elementor-widget-image\" data-id=\"feadb30\" data-element_type=\"widget\" data-widget_type=\"image.default\">\n\t\t\t\t<div class=\"elementor-widget-container\">\n\t\t\t<style>\/*! elementor - v3.23.0 - 05-08-2024 *\/\n.elementor-widget-image{text-align:center}.elementor-widget-image a{display:inline-block}.elementor-widget-image a img[src$=\".svg\"]{width:48px}.elementor-widget-image img{vertical-align:middle;display:inline-block}<\/style>\t\t\t\t\t\t\t\t\t\t<img fetchpriority=\"high\" decoding=\"async\" width=\"645\" height=\"356\" src=\"https:\/\/pesquisa.loungebrahma.com.br\/wp-content\/uploads\/2024\/08\/lounge-brahma-logo.png\" class=\"attachment-medium_large size-medium_large wp-image-17\" alt=\"\" srcset=\"https:\/\/pesquisa.loungebrahma.com.br\/wp-content\/uploads\/2024\/08\/lounge-brahma-logo.png 645w, https:\/\/pesquisa.loungebrahma.com.br\/wp-content\/uploads\/2024\/08\/lounge-brahma-logo-300x166.png 300w\" sizes=\"(max-width: 645px) 100vw, 645px\" \/>\t\t\t\t\t\t\t\t\t\t\t\t\t<\/div>\n\t\t\t\t<\/div>\n\t\t\t\t\t<\/div>\n\t\t<\/div>\n\t\t\t\t\t<\/div>\n\t\t<\/section>\n\t\t\t\t<section class=\"elementor-section elementor-top-section elementor-element elementor-element-156f9af elementor-section-boxed elementor-section-height-default elementor-section-height-default\" data-id=\"156f9af\" data-element_type=\"section\">\n\t\t\t\t\t\t<div class=\"elementor-container elementor-column-gap-default\">\n\t\t\t\t\t<div class=\"elementor-column elementor-col-100 elementor-top-column elementor-element elementor-element-ce656cf\" data-id=\"ce656cf\" data-element_type=\"column\">\n\t\t\t<div class=\"elementor-widget-wrap elementor-element-populated\">\n\t\t\t\t\t\t<section class=\"elementor-section elementor-inner-section elementor-element elementor-element-f361cdc elementor-section-boxed elementor-section-height-default elementor-section-height-default\" data-id=\"f361cdc\" data-element_type=\"section\">\n\t\t\t\t\t\t<div class=\"elementor-container elementor-column-gap-default\">\n\t\t\t\t\t<div class=\"elementor-column elementor-col-100 elementor-inner-column elementor-element elementor-element-38778ab\" data-id=\"38778ab\" data-element_type=\"column\">\n\t\t\t<div class=\"elementor-widget-wrap elementor-element-populated\">\n\t\t\t\t\t\t<div class=\"elementor-element elementor-element-8cf3761 elementor-widget elementor-widget-heading\" data-id=\"8cf3761\" data-element_type=\"widget\" data-widget_type=\"heading.default\">\n\t\t\t\t<div class=\"elementor-widget-container\">\n\t\t\t<style>\/*! elementor - v3.23.0 - 05-08-2024 *\/\n.elementor-heading-title{padding:0;margin:0;line-height:1}.elementor-widget-heading .elementor-heading-title[class*=elementor-size-]>a{color:inherit;font-size:inherit;line-height:inherit}.elementor-widget-heading .elementor-heading-title.elementor-size-small{font-size:15px}.elementor-widget-heading .elementor-heading-title.elementor-size-medium{font-size:19px}.elementor-widget-heading .elementor-heading-title.elementor-size-large{font-size:29px}.elementor-widget-heading .elementor-heading-title.elementor-size-xl{font-size:39px}.elementor-widget-heading .elementor-heading-title.elementor-size-xxl{font-size:59px}<\/style><h2 class=\"elementor-heading-title elementor-size-default\">Pesquisa de satisfa\u00e7\u00e3o - Lounge Brahma \n<\/h2>\t\t<\/div>\n\t\t\t\t<\/div>\n\t\t\t\t\t<\/div>\n\t\t<\/div>\n\t\t\t\t\t<\/div>\n\t\t<\/section>\n\t\t\t\t<div class=\"elementor-element elementor-element-51af5aa elementor-widget elementor-widget-text-editor\" data-id=\"51af5aa\" data-element_type=\"widget\" data-widget_type=\"text-editor.default\">\n\t\t\t\t<div class=\"elementor-widget-container\">\n\t\t\t<style>\/*! elementor - v3.23.0 - 05-08-2024 *\/\n.elementor-widget-text-editor.elementor-drop-cap-view-stacked .elementor-drop-cap{background-color:#69727d;color:#fff}.elementor-widget-text-editor.elementor-drop-cap-view-framed .elementor-drop-cap{color:#69727d;border:3px solid;background-color:transparent}.elementor-widget-text-editor:not(.elementor-drop-cap-view-default) .elementor-drop-cap{margin-top:8px}.elementor-widget-text-editor:not(.elementor-drop-cap-view-default) .elementor-drop-cap-letter{width:1em;height:1em}.elementor-widget-text-editor .elementor-drop-cap{float:left;text-align:center;line-height:1;font-size:50px}.elementor-widget-text-editor .elementor-drop-cap-letter{display:inline-block}<\/style>\t\t\t\t<p>Agradecemos muito sua participa\u00e7\u00e3o nesse evento. Esperamos que voc\u00ea tenha se divertido tanto quanto a nossa equipe.<\/p><p>Queremos saber seu feedback para continuar nosso processo de melhoria cont\u00ednua na experi\u00eancia do Lounge Brahma.<\/p><p>Conte-nos um pouco sobre a sua experiencia&#8230;<\/p>\t\t\t\t\t\t<\/div>\n\t\t\t\t<\/div>\n\t\t\t\t<div class=\"elementor-element elementor-element-569070c elementor-widget elementor-widget-quillforms-widget\" data-id=\"569070c\" data-element_type=\"widget\" data-widget_type=\"quillforms-widget.default\">\n\t\t\t\t<div class=\"elementor-widget-container\">\n\t\t\t<iframe data-max-height='auto' class='quillforms-iframe' scrolling='no' src='https:\/\/pesquisa.loungebrahma.com.br\/?quill_forms=pesquisa-de-satisfacao&#038;quillforms-shortcode=1&#038;quillforms-redirection=top' width='100%' style='border:0;min-height:500px;max-height:auto'><\/iframe>\t\t<\/div>\n\t\t\t\t<\/div>\n\t\t\t\t\t<\/div>\n\t\t<\/div>\n\t\t\t\t\t<\/div>\n\t\t<\/section>\n\t\t\t\t<section class=\"elementor-section elementor-top-section elementor-element elementor-element-cb96302 elementor-section-boxed elementor-section-height-default elementor-section-height-default\" data-id=\"cb96302\" data-element_type=\"section\" data-settings=\"{&quot;background_background&quot;:&quot;classic&quot;}\">\n\t\t\t\t\t\t<div class=\"elementor-container elementor-column-gap-default\">\n\t\t\t\t\t<div class=\"elementor-column elementor-col-100 elementor-top-column elementor-element elementor-element-2b87b6f\" data-id=\"2b87b6f\" data-element_type=\"column\">\n\t\t\t<div class=\"elementor-widget-wrap elementor-element-populated\">\n\t\t\t\t\t\t<div class=\"elementor-element elementor-element-ab25b4b elementor-widget elementor-widget-heading\" data-id=\"ab25b4b\" data-element_type=\"widget\" data-widget_type=\"heading.default\">\n\t\t\t\t<div class=\"elementor-widget-container\">\n\t\t\t<h2 class=\"elementor-heading-title elementor-size-default\">Todos os direitos reservados \u00e0 Lounge Brahma Corinthians.\n<\/h2>\t\t<\/div>\n\t\t\t\t<\/div>\n\t\t\t\t\t<\/div>\n\t\t<\/div>\n\t\t\t\t\t<\/div>\n\t\t<\/section>\n\t\t\t\t<\/div>\n\t\t","protected":false},"excerpt":{"rendered":"<p>Pesquisa de satisfa\u00e7\u00e3o &#8211; Lounge Brahma Agradecemos muito sua participa\u00e7\u00e3o nesse evento. Esperamos que voc\u00ea tenha se divertido tanto quanto a nossa equipe. Queremos saber seu feedback para continuar nosso processo de melhoria cont\u00ednua na experi\u00eancia do Lounge Brahma. Conte-nos um pouco sobre a sua experiencia&#8230; Todos os direitos reservados \u00e0 Lounge Brahma Corinthians.<\/p>\n","protected":false},"author":2,"featured_media":0,"parent":0,"menu_order":0,"comment_status":"closed","ping_status":"closed","template":"elementor_canvas","meta":{"footnotes":""},"class_list":["post-11","page","type-page","status-publish","hentry"],"_links":{"self":[{"href":"https:\/\/pesquisa.loungebrahma.com.br\/index.php?rest_route=\/wp\/v2\/pages\/11","targetHints":{"allow":["GET"]}}],"collection":[{"href":"https:\/\/pesquisa.loungebrahma.com.br\/index.php?rest_route=\/wp\/v2\/pages"}],"about":[{"href":"https:\/\/pesquisa.loungebrahma.com.br\/index.php?rest_route=\/wp\/v2\/types\/page"}],"author":[{"embeddable":true,"href":"https:\/\/pesquisa.loungebrahma.com.br\/index.php?rest_route=\/wp\/v2\/users\/2"}],"replies":[{"embeddable":true,"href":"https:\/\/pesquisa.loungebrahma.com.br\/index.php?rest_route=%2Fwp%2Fv2%2Fcomments&post=11"}],"version-history":[{"count":5,"href":"https:\/\/pesquisa.loungebrahma.com.br\/index.php?rest_route=\/wp\/v2\/pages\/11\/revisions"}],"predecessor-version":[{"id":38,"href":"https:\/\/pesquisa.loungebrahma.com.br\/index.php?rest_route=\/wp\/v2\/pages\/11\/revisions\/38"}],"wp:attachment":[{"href":"https:\/\/pesquisa.loungebrahma.com.br\/index.php?rest_route=%2Fwp%2Fv2%2Fmedia&parent=11"}],"curies":[{"name":"wp","href":"https:\/\/api.w.org\/{rel}","templated":true}]}}